{"id":94,"date":"2015-12-22T11:55:18","date_gmt":"2015-12-22T11:55:18","guid":{"rendered":"https:\/\/www.hotel7colinas.com.br\/?page_id=94"},"modified":"2016-09-26T20:28:33","modified_gmt":"2016-09-26T20:28:33","slug":"estruturas","status":"publish","type":"page","link":"https:\/\/www.hotel7colinas.com.br\/fr\/estruturas\/","title":{"rendered":"Structure"},"content":{"rendered":"<p>Situ\u00e9 dans la zone centrale du Site Historique Olinda H\u00f4tel 7 Colinas il a \u00e9t\u00e9 construit sur un terrain de 15,000.00 m2 qui appartenait \u00e0 une r\u00e9sidence si\u00e8cle. XIX, qui exploite aujourd&rsquo;hui un petit mus\u00e9e. Dans les jardins et les arbres matures sont distribu\u00e9s nouveaux appartements immeubles de logements, salon, r\u00e9ception, restaurant et bar, sauna, salle de gym et jeux, en plus des espaces ext\u00e9rieurs des piscines. Nous avons aussi un grand parking priv\u00e9.<\/p>","protected":false},"excerpt":{"rendered":"<p>Situ\u00e9 dans la zone centrale du Site Historique Olinda H\u00f4tel 7 Colinas il a \u00e9t\u00e9 construit sur un terrain de 15,000.00 m2 qui appartenait \u00e0 une r\u00e9sidence si\u00e8cle. XIX, qui exploite aujourd&rsquo;hui un petit mus\u00e9e. Dans les jardins et les arbres matures sont distribu\u00e9s nouveaux appartements immeubles de logements, salon, r\u00e9ception, restaurant et bar, sauna, [&hellip;]<\/p>\n","protected":false},"author":3,"featured_media":0,"parent":0,"menu_order":0,"comment_status":"closed","ping_status":"closed","template":"","meta":[],"_links":{"self":[{"href":"https:\/\/www.hotel7colinas.com.br\/fr\/wp-json\/wp\/v2\/pages\/94"}],"collection":[{"href":"https:\/\/www.hotel7colinas.com.br\/fr\/wp-json\/wp\/v2\/pages"}],"about":[{"href":"https:\/\/www.hotel7colinas.com.br\/fr\/wp-json\/wp\/v2\/types\/page"}],"author":[{"embeddable":true,"href":"https:\/\/www.hotel7colinas.com.br\/fr\/wp-json\/wp\/v2\/users\/3"}],"replies":[{"embeddable":true,"href":"https:\/\/www.hotel7colinas.com.br\/fr\/wp-json\/wp\/v2\/comments?post=94"}],"version-history":[{"count":7,"href":"https:\/\/www.hotel7colinas.com.br\/fr\/wp-json\/wp\/v2\/pages\/94\/revisions"}],"predecessor-version":[{"id":344,"href":"https:\/\/www.hotel7colinas.com.br\/fr\/wp-json\/wp\/v2\/pages\/94\/revisions\/344"}],"wp:attachment":[{"href":"https:\/\/www.hotel7colinas.com.br\/fr\/wp-json\/wp\/v2\/media?parent=94"}],"curies":[{"name":"wp","href":"https:\/\/api.w.org\/{rel}","templated":true}]}}