{"id":48,"date":"2015-12-18T09:57:05","date_gmt":"2015-12-18T09:57:05","guid":{"rendered":"https:\/\/www.hotel7colinas.com.br\/?page_id=48"},"modified":"2017-03-31T16:51:30","modified_gmt":"2017-03-31T16:51:30","slug":"acomodacoes","status":"publish","type":"page","link":"https:\/\/www.hotel7colinas.com.br\/fr\/acomodacoes\/","title":{"rendered":"H\u00e9bergement"},"content":{"rendered":"<p>Nous avons 44 appartements et 5 de luxe dans la norme, 17 chambres standard sup\u00e9rieures, 18 norme et 4 suites avec coin salon s\u00e9par\u00e9 de la chambre. Toutes les unit\u00e9s disposent d&rsquo;un balcon donnant sur la piscine ou le jardin et sont \u00e9quip\u00e9es d&rsquo;une t\u00e9l\u00e9vision \u00e0 \u00e9cran plat avec cha\u00eenes payantes, climatisation split, ventilateur de plafond, d&rsquo;un minibar, coffre-fort, une ligne t\u00e9l\u00e9phonique directe, salle de bain avec eau chaude centrale, s\u00e8che-cheveux et commodit\u00e9s.<br \/>\nL&rsquo;h\u00f4tel a \u00e9galement adapt\u00e9 pour appartements besoins sp\u00e9ciaux.<\/p>","protected":false},"excerpt":{"rendered":"<p>Nous avons 44 appartements et 5 de luxe dans la norme, 17 chambres standard sup\u00e9rieures, 18 norme et 4 suites avec coin salon s\u00e9par\u00e9 de la chambre. Toutes les unit\u00e9s disposent d&rsquo;un balcon donnant sur la piscine ou le jardin et sont \u00e9quip\u00e9es d&rsquo;une t\u00e9l\u00e9vision \u00e0 \u00e9cran plat avec cha\u00eenes payantes, climatisation split, ventilateur de [&hellip;]<\/p>\n","protected":false},"author":3,"featured_media":0,"parent":0,"menu_order":0,"comment_status":"closed","ping_status":"closed","template":"","meta":[],"_links":{"self":[{"href":"https:\/\/www.hotel7colinas.com.br\/fr\/wp-json\/wp\/v2\/pages\/48"}],"collection":[{"href":"https:\/\/www.hotel7colinas.com.br\/fr\/wp-json\/wp\/v2\/pages"}],"about":[{"href":"https:\/\/www.hotel7colinas.com.br\/fr\/wp-json\/wp\/v2\/types\/page"}],"author":[{"embeddable":true,"href":"https:\/\/www.hotel7colinas.com.br\/fr\/wp-json\/wp\/v2\/users\/3"}],"replies":[{"embeddable":true,"href":"https:\/\/www.hotel7colinas.com.br\/fr\/wp-json\/wp\/v2\/comments?post=48"}],"version-history":[{"count":18,"href":"https:\/\/www.hotel7colinas.com.br\/fr\/wp-json\/wp\/v2\/pages\/48\/revisions"}],"predecessor-version":[{"id":494,"href":"https:\/\/www.hotel7colinas.com.br\/fr\/wp-json\/wp\/v2\/pages\/48\/revisions\/494"}],"wp:attachment":[{"href":"https:\/\/www.hotel7colinas.com.br\/fr\/wp-json\/wp\/v2\/media?parent=48"}],"curies":[{"name":"wp","href":"https:\/\/api.w.org\/{rel}","templated":true}]}}