{"id":149,"date":"2015-12-28T18:42:28","date_gmt":"2015-12-28T18:42:28","guid":{"rendered":"https:\/\/www.hotel7colinas.com.br\/?page_id=149"},"modified":"2016-09-26T21:02:56","modified_gmt":"2016-09-26T21:02:56","slug":"reservas","status":"publish","type":"page","link":"https:\/\/www.hotel7colinas.com.br\/fr\/reservas\/","title":{"rendered":"R\u00e9servations"},"content":{"rendered":"<p>Si vous souhaitez \u00eatre notre invit\u00e9 s&rsquo;il vous pla\u00eet remplir le formulaire. D\u00e8s r\u00e9ception, nous vous contacterons pour informer nos disponibilit\u00e9, le prix et les modalit\u00e9s de paiement.<\/p>\n<p>Nous nous souvenons que les r\u00e9servations seront valables seulement apr\u00e8s l&rsquo;envoi de la confirmation par l&rsquo;h\u00f4tel.<\/p>\n<p>&nbsp;<\/p>\n<p style=\"text-align: center;\"><strong>Remplissez le formulaire de r\u00e9servation s\u2019il vous plait.<\/strong><\/p>\n<p><\/p>","protected":false},"excerpt":{"rendered":"<p>Si vous souhaitez \u00eatre notre invit\u00e9 s&rsquo;il vous pla\u00eet remplir le formulaire. D\u00e8s r\u00e9ception, nous vous contacterons pour informer nos disponibilit\u00e9, le prix et les modalit\u00e9s de paiement. Nous nous souvenons que les r\u00e9servations seront valables seulement apr\u00e8s l&rsquo;envoi de la confirmation par l&rsquo;h\u00f4tel. &nbsp; Remplissez le formulaire de r\u00e9servation s\u2019il vous plait.<\/p>\n","protected":false},"author":3,"featured_media":0,"parent":0,"menu_order":0,"comment_status":"closed","ping_status":"closed","template":"","meta":[],"_links":{"self":[{"href":"https:\/\/www.hotel7colinas.com.br\/fr\/wp-json\/wp\/v2\/pages\/149"}],"collection":[{"href":"https:\/\/www.hotel7colinas.com.br\/fr\/wp-json\/wp\/v2\/pages"}],"about":[{"href":"https:\/\/www.hotel7colinas.com.br\/fr\/wp-json\/wp\/v2\/types\/page"}],"author":[{"embeddable":true,"href":"https:\/\/www.hotel7colinas.com.br\/fr\/wp-json\/wp\/v2\/users\/3"}],"replies":[{"embeddable":true,"href":"https:\/\/www.hotel7colinas.com.br\/fr\/wp-json\/wp\/v2\/comments?post=149"}],"version-history":[{"count":5,"href":"https:\/\/www.hotel7colinas.com.br\/fr\/wp-json\/wp\/v2\/pages\/149\/revisions"}],"predecessor-version":[{"id":352,"href":"https:\/\/www.hotel7colinas.com.br\/fr\/wp-json\/wp\/v2\/pages\/149\/revisions\/352"}],"wp:attachment":[{"href":"https:\/\/www.hotel7colinas.com.br\/fr\/wp-json\/wp\/v2\/media?parent=149"}],"curies":[{"name":"wp","href":"https:\/\/api.w.org\/{rel}","templated":true}]}}