{"id":128,"date":"2015-12-28T16:25:05","date_gmt":"2015-12-28T16:25:05","guid":{"rendered":"https:\/\/www.hotel7colinas.com.br\/?page_id=128"},"modified":"2024-07-05T14:31:17","modified_gmt":"2024-07-05T14:31:17","slug":"tarifas","status":"publish","type":"page","link":"https:\/\/www.hotel7colinas.com.br\/fr\/tarifas\/","title":{"rendered":"Tarifs"},"content":{"rendered":"<p>Consultez ci-dessous la liste de nos tarifs par appartement s\u00e9par\u00e9 , nos conditions g\u00e9n\u00e9rales pour nos clients et les m\u00e9thodes de paiement disponibles .<\/p>","protected":false},"excerpt":{"rendered":"<p>Consultez ci-dessous la liste de nos tarifs par appartement s\u00e9par\u00e9 , nos conditions g\u00e9n\u00e9rales pour nos clients et les m\u00e9thodes de paiement disponibles .<\/p>\n","protected":false},"author":3,"featured_media":0,"parent":0,"menu_order":0,"comment_status":"closed","ping_status":"closed","template":"","meta":[],"_links":{"self":[{"href":"https:\/\/www.hotel7colinas.com.br\/fr\/wp-json\/wp\/v2\/pages\/128"}],"collection":[{"href":"https:\/\/www.hotel7colinas.com.br\/fr\/wp-json\/wp\/v2\/pages"}],"about":[{"href":"https:\/\/www.hotel7colinas.com.br\/fr\/wp-json\/wp\/v2\/types\/page"}],"author":[{"embeddable":true,"href":"https:\/\/www.hotel7colinas.com.br\/fr\/wp-json\/wp\/v2\/users\/3"}],"replies":[{"embeddable":true,"href":"https:\/\/www.hotel7colinas.com.br\/fr\/wp-json\/wp\/v2\/comments?post=128"}],"version-history":[{"count":9,"href":"https:\/\/www.hotel7colinas.com.br\/fr\/wp-json\/wp\/v2\/pages\/128\/revisions"}],"predecessor-version":[{"id":677,"href":"https:\/\/www.hotel7colinas.com.br\/fr\/wp-json\/wp\/v2\/pages\/128\/revisions\/677"}],"wp:attachment":[{"href":"https:\/\/www.hotel7colinas.com.br\/fr\/wp-json\/wp\/v2\/media?parent=128"}],"curies":[{"name":"wp","href":"https:\/\/api.w.org\/{rel}","templated":true}]}}