{"id":103,"date":"2015-12-22T13:18:05","date_gmt":"2015-12-22T13:18:05","guid":{"rendered":"https:\/\/www.hotel7colinas.com.br\/?page_id=103"},"modified":"2016-09-26T20:46:12","modified_gmt":"2016-09-26T20:46:12","slug":"eventos","status":"publish","type":"page","link":"https:\/\/www.hotel7colinas.com.br\/fr\/eventos\/","title":{"rendered":"Centre des \u00e9v\u00e9nements"},"content":{"rendered":"<p>L&rsquo;h\u00f4tel propose diff\u00e9rents espaces pour des \u00e9v\u00e9nements corporatifs et festifs. Il propose diff\u00e9rentes salles de capacit\u00e9 Plus de porches couverts et jardins. Il propose un service de petit-d\u00e9jeuner, pause caf\u00e9, d\u00e9jeuner, d\u00eener, des collations et des cocktails ainsi que des tiers la location d&rsquo;\u00e9quipement.<\/p>","protected":false},"excerpt":{"rendered":"<p>L&rsquo;h\u00f4tel propose diff\u00e9rents espaces pour des \u00e9v\u00e9nements corporatifs et festifs. Il propose diff\u00e9rentes salles de capacit\u00e9 Plus de porches couverts et jardins. Il propose un service de petit-d\u00e9jeuner, pause caf\u00e9, d\u00e9jeuner, d\u00eener, des collations et des cocktails ainsi que des tiers la location d&rsquo;\u00e9quipement.<\/p>\n","protected":false},"author":3,"featured_media":0,"parent":0,"menu_order":0,"comment_status":"closed","ping_status":"closed","template":"","meta":[],"_links":{"self":[{"href":"https:\/\/www.hotel7colinas.com.br\/fr\/wp-json\/wp\/v2\/pages\/103"}],"collection":[{"href":"https:\/\/www.hotel7colinas.com.br\/fr\/wp-json\/wp\/v2\/pages"}],"about":[{"href":"https:\/\/www.hotel7colinas.com.br\/fr\/wp-json\/wp\/v2\/types\/page"}],"author":[{"embeddable":true,"href":"https:\/\/www.hotel7colinas.com.br\/fr\/wp-json\/wp\/v2\/users\/3"}],"replies":[{"embeddable":true,"href":"https:\/\/www.hotel7colinas.com.br\/fr\/wp-json\/wp\/v2\/comments?post=103"}],"version-history":[{"count":5,"href":"https:\/\/www.hotel7colinas.com.br\/fr\/wp-json\/wp\/v2\/pages\/103\/revisions"}],"predecessor-version":[{"id":345,"href":"https:\/\/www.hotel7colinas.com.br\/fr\/wp-json\/wp\/v2\/pages\/103\/revisions\/345"}],"wp:attachment":[{"href":"https:\/\/www.hotel7colinas.com.br\/fr\/wp-json\/wp\/v2\/media?parent=103"}],"curies":[{"name":"wp","href":"https:\/\/api.w.org\/{rel}","templated":true}]}}